{"id":42,"date":"2018-05-28T10:04:26","date_gmt":"2018-05-28T08:04:26","guid":{"rendered":"http:\/\/ip7v.fr\/peupleraie2018\/?page_id=42"},"modified":"2019-02-08T19:24:26","modified_gmt":"2019-02-08T18:24:26","slug":"le-restaurant","status":"publish","type":"page","link":"https:\/\/www.hotel-la-peupleraie.com\/en\/le-restaurant\/","title":{"rendered":"Restaurant"},"content":{"rendered":"<div data-elementor-type=\"wp-post\" data-elementor-id=\"42\" class=\"elementor elementor-42 elementor-bc-flex-widget\" data-elementor-post-type=\"page\">\n\t\t\t\t\t\t<section class=\"elementor-section elementor-top-section elementor-element elementor-element-6cadc6a3 elementor-section-stretched elementor-section-full_width elementor-section-height-default elementor-section-height-default\" data-id=\"6cadc6a3\" data-element_type=\"section\" data-e-type=\"section\" data-settings=\"{&quot;stretch_section&quot;:&quot;section-stretched&quot;}\">\n\t\t\t\t\t\t<div class=\"elementor-container elementor-column-gap-default\">\n\t\t\t\t\t<div class=\"elementor-column elementor-col-100 elementor-top-column elementor-element elementor-element-23ff9a9a\" data-id=\"23ff9a9a\" data-element_type=\"column\" data-e-type=\"column\">\n\t\t\t<div class=\"elementor-widget-wrap elementor-element-populated\">\n\t\t\t\t\t\t<div class=\"elementor-element elementor-element-39594247 elementor-widget elementor-widget-heading\" data-id=\"39594247\" data-element_type=\"widget\" data-e-type=\"widget\" data-widget_type=\"heading.default\">\n\t\t\t\t\t<h1 class=\"elementor-heading-title elementor-size-default\">A warm restaurant and an abundant table<\/h1>\t\t\t\t<\/div>\n\t\t\t\t<div class=\"elementor-element elementor-element-13fd093 elementor-widget elementor-widget-spacer\" data-id=\"13fd093\" data-element_type=\"widget\" data-e-type=\"widget\" data-widget_type=\"spacer.default\">\n\t\t\t\t\t\t\t<div class=\"elementor-spacer\">\n\t\t\t<div class=\"elementor-spacer-inner\"><\/div>\n\t\t<\/div>\n\t\t\t\t\t\t<\/div>\n\t\t\t\t\t<\/div>\n\t\t<\/div>\n\t\t\t\t\t<\/div>\n\t\t<\/section>\n\t\t\t\t<section class=\"elementor-section elementor-top-section elementor-element elementor-element-647f11f elementor-section-content-middle elementor-section-stretched elementor-section-boxed elementor-section-height-default elementor-section-height-default\" data-id=\"647f11f\" data-element_type=\"section\" data-e-type=\"section\" data-settings=\"{&quot;stretch_section&quot;:&quot;section-stretched&quot;,&quot;background_background&quot;:&quot;classic&quot;}\">\n\t\t\t\t\t\t<div class=\"elementor-container elementor-column-gap-default\">\n\t\t\t\t\t<div class=\"elementor-column elementor-col-33 elementor-top-column elementor-element elementor-element-5919b4a\" data-id=\"5919b4a\" data-element_type=\"column\" data-e-type=\"column\">\n\t\t\t<div class=\"elementor-widget-wrap elementor-element-populated\">\n\t\t\t\t\t\t<div class=\"elementor-element elementor-element-0a660a6 elementor-position-top elementor-widget elementor-widget-image-box\" data-id=\"0a660a6\" data-element_type=\"widget\" data-e-type=\"widget\" data-widget_type=\"image-box.default\">\n\t\t\t\t\t<div class=\"elementor-image-box-wrapper\"><figure class=\"elementor-image-box-img\"><img fetchpriority=\"high\" decoding=\"async\" width=\"1024\" height=\"768\" src=\"https:\/\/www.hotel-la-peupleraie.com\/wp-content\/uploads\/2018\/06\/restaurant-hotel-nampont-saint-martin-la-peupleraie-valloires-presentation-tables.jpg\" class=\"attachment-full size-full wp-image-692\" alt=\"\" srcset=\"https:\/\/www.hotel-la-peupleraie.com\/wp-content\/uploads\/2018\/06\/restaurant-hotel-nampont-saint-martin-la-peupleraie-valloires-presentation-tables.jpg 1024w, https:\/\/www.hotel-la-peupleraie.com\/wp-content\/uploads\/2018\/06\/restaurant-hotel-nampont-saint-martin-la-peupleraie-valloires-presentation-tables-300x225.jpg 300w, https:\/\/www.hotel-la-peupleraie.com\/wp-content\/uploads\/2018\/06\/restaurant-hotel-nampont-saint-martin-la-peupleraie-valloires-presentation-tables-768x576.jpg 768w\" sizes=\"(max-width: 1024px) 100vw, 1024px\" \/><\/figure><div class=\"elementor-image-box-content\"><p class=\"elementor-image-box-description\">A personalized cuisine attached to the traditions and recipes of the region.<\/p><\/div><\/div>\t\t\t\t<\/div>\n\t\t\t\t\t<\/div>\n\t\t<\/div>\n\t\t\t\t<div class=\"elementor-column elementor-col-33 elementor-top-column elementor-element elementor-element-757aee7\" data-id=\"757aee7\" data-element_type=\"column\" data-e-type=\"column\">\n\t\t\t<div class=\"elementor-widget-wrap elementor-element-populated\">\n\t\t\t\t\t\t<div class=\"elementor-element elementor-element-69172fc8 elementor-widget elementor-widget-text-editor\" data-id=\"69172fc8\" data-element_type=\"widget\" data-e-type=\"widget\" data-widget_type=\"text-editor.default\">\n\t\t\t\t\t\t\t\t\t<p>We are at your disposal for our services:<\/p><ul><li>business stopover<\/li><li>Half board and full board<\/li><li>Groups, associations and works councils<\/li><li>Meals with family or friends<\/li><li>Seminars<\/li><\/ul>\t\t\t\t\t\t\t\t<\/div>\n\t\t\t\t\t<\/div>\n\t\t<\/div>\n\t\t\t\t<div class=\"elementor-column elementor-col-33 elementor-top-column elementor-element elementor-element-288b5ee\" data-id=\"288b5ee\" data-element_type=\"column\" data-e-type=\"column\">\n\t\t\t<div class=\"elementor-widget-wrap elementor-element-populated\">\n\t\t\t\t\t\t<div class=\"elementor-element elementor-element-2ee2d0d elementor-position-top elementor-widget elementor-widget-image-box\" data-id=\"2ee2d0d\" data-element_type=\"widget\" data-e-type=\"widget\" data-widget_type=\"image-box.default\">\n\t\t\t\t\t<div class=\"elementor-image-box-wrapper\"><figure class=\"elementor-image-box-img\"><img decoding=\"async\" width=\"1024\" height=\"768\" src=\"https:\/\/www.hotel-la-peupleraie.com\/wp-content\/uploads\/2019\/01\/restaurant-hotel-nampont-saint-martin-la-peupleraie-valloires-salle.jpg\" class=\"attachment-full size-full wp-image-801\" alt=\"\" srcset=\"https:\/\/www.hotel-la-peupleraie.com\/wp-content\/uploads\/2019\/01\/restaurant-hotel-nampont-saint-martin-la-peupleraie-valloires-salle.jpg 1024w, https:\/\/www.hotel-la-peupleraie.com\/wp-content\/uploads\/2019\/01\/restaurant-hotel-nampont-saint-martin-la-peupleraie-valloires-salle-300x225.jpg 300w, https:\/\/www.hotel-la-peupleraie.com\/wp-content\/uploads\/2019\/01\/restaurant-hotel-nampont-saint-martin-la-peupleraie-valloires-salle-768x576.jpg 768w\" sizes=\"(max-width: 1024px) 100vw, 1024px\" \/><\/figure><div class=\"elementor-image-box-content\"><p class=\"elementor-image-box-description\">A restaurant that can accommodate up to 100 people.<\/p><\/div><\/div>\t\t\t\t<\/div>\n\t\t\t\t\t<\/div>\n\t\t<\/div>\n\t\t\t\t\t<\/div>\n\t\t<\/section>\n\t\t\t\t<section class=\"elementor-section elementor-top-section elementor-element elementor-element-308e3450 elementor-section-stretched elementor-section-full_width elementor-section-height-default elementor-section-height-default\" data-id=\"308e3450\" data-element_type=\"section\" data-e-type=\"section\" data-settings=\"{&quot;stretch_section&quot;:&quot;section-stretched&quot;}\">\n\t\t\t\t\t\t<div class=\"elementor-container elementor-column-gap-default\">\n\t\t\t\t\t<div class=\"elementor-column elementor-col-100 elementor-top-column elementor-element elementor-element-6fa04b9b\" data-id=\"6fa04b9b\" data-element_type=\"column\" data-e-type=\"column\">\n\t\t\t<div class=\"elementor-widget-wrap elementor-element-populated\">\n\t\t\t\t\t\t<div class=\"elementor-element elementor-element-809e9f6 elementor-widget elementor-widget-spacer\" data-id=\"809e9f6\" data-element_type=\"widget\" data-e-type=\"widget\" data-widget_type=\"spacer.default\">\n\t\t\t\t\t\t\t<div class=\"elementor-spacer\">\n\t\t\t<div class=\"elementor-spacer-inner\"><\/div>\n\t\t<\/div>\n\t\t\t\t\t\t<\/div>\n\t\t\t\t\t<\/div>\n\t\t<\/div>\n\t\t\t\t\t<\/div>\n\t\t<\/section>\n\t\t\t\t<section class=\"elementor-section elementor-top-section elementor-element elementor-element-3054b0c0 elementor-section-stretched elementor-section-full_width elementor-hidden-tablet elementor-hidden-phone elementor-section-height-default elementor-section-height-default\" data-id=\"3054b0c0\" data-element_type=\"section\" data-e-type=\"section\" data-settings=\"{&quot;stretch_section&quot;:&quot;section-stretched&quot;}\">\n\t\t\t\t\t\t<div class=\"elementor-container elementor-column-gap-default\">\n\t\t\t\t\t<div class=\"elementor-column elementor-col-33 elementor-top-column elementor-element elementor-element-2c9830dd\" data-id=\"2c9830dd\" data-element_type=\"column\" data-e-type=\"column\">\n\t\t\t<div class=\"elementor-widget-wrap\">\n\t\t\t\t\t\t\t<\/div>\n\t\t<\/div>\n\t\t\t\t<div class=\"elementor-column elementor-col-33 elementor-top-column elementor-element elementor-element-77f2d5a7\" data-id=\"77f2d5a7\" data-element_type=\"column\" data-e-type=\"column\">\n\t\t\t<div class=\"elementor-widget-wrap elementor-element-populated\">\n\t\t\t\t\t\t<div class=\"elementor-element elementor-element-19caecc3 elementor-pagination-position-inside elementor-arrows-position-inside elementor-widget elementor-widget-image-carousel\" data-id=\"19caecc3\" data-element_type=\"widget\" data-e-type=\"widget\" data-settings=\"{&quot;slides_to_show&quot;:&quot;1&quot;,&quot;speed&quot;:1000,&quot;effect&quot;:&quot;fade&quot;,&quot;navigation&quot;:&quot;both&quot;,&quot;autoplay&quot;:&quot;yes&quot;,&quot;pause_on_hover&quot;:&quot;yes&quot;,&quot;pause_on_interaction&quot;:&quot;yes&quot;,&quot;autoplay_speed&quot;:5000,&quot;infinite&quot;:&quot;yes&quot;}\" data-widget_type=\"image-carousel.default\">\n\t\t\t\t\t\t\t<div class=\"elementor-image-carousel-wrapper swiper\" role=\"region\" aria-roledescription=\"carousel\" aria-label=\"Carrousel d\u2019images\" dir=\"ltr\">\n\t\t\t<div class=\"elementor-image-carousel swiper-wrapper swiper-image-stretch\" aria-live=\"off\">\n\t\t\t\t\t\t\t\t<div class=\"swiper-slide\" role=\"group\" aria-roledescription=\"slide\" aria-label=\"1 sur 3\"><a data-elementor-open-lightbox=\"yes\" data-elementor-lightbox-slideshow=\"19caecc3\" data-elementor-lightbox-title=\"restaurant-hotel-nampont-saint-martin-la-peupleraie-valloires-tables.jpg\" data-e-action-hash=\"#elementor-action%3Aaction%3Dlightbox%26settings%3DeyJpZCI6ODAwLCJ1cmwiOiJodHRwczpcL1wvd3d3LmhvdGVsLWxhLXBldXBsZXJhaWUuY29tXC93cC1jb250ZW50XC91cGxvYWRzXC8yMDE5XC8wMVwvcmVzdGF1cmFudC1ob3RlbC1uYW1wb250LXNhaW50LW1hcnRpbi1sYS1wZXVwbGVyYWllLXZhbGxvaXJlcy10YWJsZXMuanBnIiwic2xpZGVzaG93IjoiMTljYWVjYzMifQ%3D%3D\" href=\"https:\/\/www.hotel-la-peupleraie.com\/wp-content\/uploads\/2019\/01\/restaurant-hotel-nampont-saint-martin-la-peupleraie-valloires-tables.jpg\"><figure class=\"swiper-slide-inner\"><img decoding=\"async\" class=\"swiper-slide-image\" src=\"https:\/\/www.hotel-la-peupleraie.com\/wp-content\/uploads\/elementor\/thumbs\/restaurant-hotel-nampont-saint-martin-la-peupleraie-valloires-tables-r5dasflktg8f80bec0jw15fqp764ef1qkp70jlple0.jpg\" alt=\"restaurant-hotel-nampont-saint-martin-la-peupleraie-valloires-tables.jpg\" \/><\/figure><\/a><\/div><div class=\"swiper-slide\" role=\"group\" aria-roledescription=\"slide\" aria-label=\"2 sur 3\"><a data-elementor-open-lightbox=\"yes\" data-elementor-lightbox-slideshow=\"19caecc3\" data-elementor-lightbox-title=\"restaurant-hotel-nampont-saint-martin-la-peupleraie-valloires-salle.jpg\" data-e-action-hash=\"#elementor-action%3Aaction%3Dlightbox%26settings%3DeyJpZCI6ODAxLCJ1cmwiOiJodHRwczpcL1wvd3d3LmhvdGVsLWxhLXBldXBsZXJhaWUuY29tXC93cC1jb250ZW50XC91cGxvYWRzXC8yMDE5XC8wMVwvcmVzdGF1cmFudC1ob3RlbC1uYW1wb250LXNhaW50LW1hcnRpbi1sYS1wZXVwbGVyYWllLXZhbGxvaXJlcy1zYWxsZS5qcGciLCJzbGlkZXNob3ciOiIxOWNhZWNjMyJ9\" href=\"https:\/\/www.hotel-la-peupleraie.com\/wp-content\/uploads\/2019\/01\/restaurant-hotel-nampont-saint-martin-la-peupleraie-valloires-salle.jpg\"><figure class=\"swiper-slide-inner\"><img decoding=\"async\" class=\"swiper-slide-image\" src=\"https:\/\/www.hotel-la-peupleraie.com\/wp-content\/uploads\/elementor\/thumbs\/restaurant-hotel-nampont-saint-martin-la-peupleraie-valloires-salle-r5dasflktg8f80bec0jw15fqp764ef1qkp70jlple0.jpg\" alt=\"restaurant-hotel-nampont-saint-martin-la-peupleraie-valloires-salle.jpg\" \/><\/figure><\/a><\/div><div class=\"swiper-slide\" role=\"group\" aria-roledescription=\"slide\" aria-label=\"3 sur 3\"><a data-elementor-open-lightbox=\"yes\" data-elementor-lightbox-slideshow=\"19caecc3\" data-elementor-lightbox-title=\"restaurant-hotel-nampont-saint-martin-la-peupleraie-valloires-presentation-tables.jpg\" data-e-action-hash=\"#elementor-action%3Aaction%3Dlightbox%26settings%3DeyJpZCI6ODAyLCJ1cmwiOiJodHRwczpcL1wvd3d3LmhvdGVsLWxhLXBldXBsZXJhaWUuY29tXC93cC1jb250ZW50XC91cGxvYWRzXC8yMDE5XC8wMVwvcmVzdGF1cmFudC1ob3RlbC1uYW1wb250LXNhaW50LW1hcnRpbi1sYS1wZXVwbGVyYWllLXZhbGxvaXJlcy1wcmVzZW50YXRpb24tdGFibGVzLmpwZyIsInNsaWRlc2hvdyI6IjE5Y2FlY2MzIn0%3D\" href=\"https:\/\/www.hotel-la-peupleraie.com\/wp-content\/uploads\/2019\/01\/restaurant-hotel-nampont-saint-martin-la-peupleraie-valloires-presentation-tables.jpg\"><figure class=\"swiper-slide-inner\"><img decoding=\"async\" class=\"swiper-slide-image\" src=\"https:\/\/www.hotel-la-peupleraie.com\/wp-content\/uploads\/elementor\/thumbs\/restaurant-hotel-nampont-saint-martin-la-peupleraie-valloires-presentation-tables-r5dasflktg8f80bec0jw15fqp764ef1qkp70jlple0.jpg\" alt=\"restaurant-hotel-nampont-saint-martin-la-peupleraie-valloires-presentation-tables.jpg\" \/><\/figure><\/a><\/div>\t\t\t<\/div>\n\t\t\t\t\t\t\t\t\t\t\t\t<div class=\"elementor-swiper-button elementor-swiper-button-prev\" role=\"button\" tabindex=\"0\">\n\t\t\t\t\t\t<i aria-hidden=\"true\" class=\"eicon-chevron-left\"><\/i>\t\t\t\t\t<\/div>\n\t\t\t\t\t<div class=\"elementor-swiper-button elementor-swiper-button-next\" role=\"button\" tabindex=\"0\">\n\t\t\t\t\t\t<i aria-hidden=\"true\" class=\"eicon-chevron-right\"><\/i>\t\t\t\t\t<\/div>\n\t\t\t\t\n\t\t\t\t\t\t\t\t\t<div class=\"swiper-pagination\"><\/div>\n\t\t\t\t\t\t\t\t\t<\/div>\n\t\t\t\t\t\t<\/div>\n\t\t\t\t\t<\/div>\n\t\t<\/div>\n\t\t\t\t<div class=\"elementor-column elementor-col-33 elementor-top-column elementor-element elementor-element-6c024f5f\" data-id=\"6c024f5f\" data-element_type=\"column\" data-e-type=\"column\">\n\t\t\t<div class=\"elementor-widget-wrap elementor-element-populated\">\n\t\t\t\t\t\t<div class=\"elementor-element elementor-element-568d66db elementor-align-left elementor-hidden-phone elementor-widget elementor-widget-button\" data-id=\"568d66db\" data-element_type=\"widget\" data-e-type=\"widget\" data-widget_type=\"button.default\">\n\t\t\t\t\t\t\t\t\t\t<a class=\"elementor-button elementor-button-link elementor-size-xl elementor-animation-grow\" href=\"https:\/\/www.hotel-la-peupleraie.com\/en\/contact\/\">\n\t\t\t\t\t\t<span class=\"elementor-button-content-wrapper\">\n\t\t\t\t\t\t<span class=\"elementor-button-icon\">\n\t\t\t\t\t\t\t\t\t<i class=\"fa fa-hotel\" aria-hidden=\"true\"><\/i>\n\t\t\t\t\t\t\t<\/span>\n\t\t\t\t\t\t\t\t\t<span class=\"elementor-button-text\">Book here<\/span>\n\t\t\t\t\t<\/span>\n\t\t\t\t\t<\/a>\n\t\t\t\t\t\t\t\t<\/div>\n\t\t\t\t\t<\/div>\n\t\t<\/div>\n\t\t\t\t\t<\/div>\n\t\t<\/section>\n\t\t\t\t<\/div>","protected":false},"excerpt":{"rendered":"<p>Un restaurant chaleureux et une table abondante Une cuisine personnalis\u00e9e attach\u00e9e aux traditions et recettes du terroir. Nous sommes \u00e0 votre disposition pour nos prestations : Soir\u00e9e \u00e9tape Demi pension et pension compl\u00e8te Groupes, associations et comit\u00e9s d&rsquo;entreprise Repas en famille ou entre amis S\u00e9minaires Nous vous proposons un large \u00e9ventail de prestations pour r\u00e9pondre [&hellip;]<\/p>","protected":false},"author":1,"featured_media":0,"parent":0,"menu_order":0,"comment_status":"closed","ping_status":"closed","template":"","meta":{"site-sidebar-layout":"default","site-content-layout":"","ast-site-content-layout":"","site-content-style":"default","site-sidebar-style":"default","ast-global-header-display":"","ast-banner-title-visibility":"","ast-main-header-display":"","ast-hfb-above-header-display":"","ast-hfb-below-header-display":"","ast-hfb-mobile-header-display":"","site-post-title":"","ast-breadcrumbs-content":"","ast-featured-img":"","footer-sml-layout":"","theme-transparent-header-meta":"","adv-header-id-meta":"","stick-header-meta":"","header-above-stick-meta":"","header-main-stick-meta":"","header-below-stick-meta":"","astra-migrate-meta-layouts":"default","ast-page-background-enabled":"default","ast-page-background-meta":{"desktop":{"background-color":"var(--ast-global-color-4)","background-image":"","background-repeat":"repeat","background-position":"center center","background-size":"auto","background-attachment":"scroll","background-type":"","background-media":"","overlay-type":"","overlay-color":"","overlay-opacity":"","overlay-gradient":""},"tablet":{"background-color":"","background-image":"","background-repeat":"repeat","background-position":"center center","background-size":"auto","background-attachment":"scroll","background-type":"","background-media":"","overlay-type":"","overlay-color":"","overlay-opacity":"","overlay-gradient":""},"mobile":{"background-color":"","background-image":"","background-repeat":"repeat","background-position":"center center","background-size":"auto","background-attachment":"scroll","background-type":"","background-media":"","overlay-type":"","overlay-color":"","overlay-opacity":"","overlay-gradient":""}},"ast-content-background-meta":{"desktop":{"background-color":"var(--ast-global-color-5)","background-image":"","background-repeat":"repeat","background-position":"center center","background-size":"auto","background-attachment":"scroll","background-type":"","background-media":"","overlay-type":"","overlay-color":"","overlay-opacity":"","overlay-gradient":""},"tablet":{"background-color":"var(--ast-global-color-5)","background-image":"","background-repeat":"repeat","background-position":"center center","background-size":"auto","background-attachment":"scroll","background-type":"","background-media":"","overlay-type":"","overlay-color":"","overlay-opacity":"","overlay-gradient":""},"mobile":{"background-color":"var(--ast-global-color-5)","background-image":"","background-repeat":"repeat","background-position":"center center","background-size":"auto","background-attachment":"scroll","background-type":"","background-media":"","overlay-type":"","overlay-color":"","overlay-opacity":"","overlay-gradient":""}},"footnotes":""},"class_list":["post-42","page","type-page","status-publish","hentry"],"_links":{"self":[{"href":"https:\/\/www.hotel-la-peupleraie.com\/en\/wp-json\/wp\/v2\/pages\/42","targetHints":{"allow":["GET"]}}],"collection":[{"href":"https:\/\/www.hotel-la-peupleraie.com\/en\/wp-json\/wp\/v2\/pages"}],"about":[{"href":"https:\/\/www.hotel-la-peupleraie.com\/en\/wp-json\/wp\/v2\/types\/page"}],"author":[{"embeddable":true,"href":"https:\/\/www.hotel-la-peupleraie.com\/en\/wp-json\/wp\/v2\/users\/1"}],"replies":[{"embeddable":true,"href":"https:\/\/www.hotel-la-peupleraie.com\/en\/wp-json\/wp\/v2\/comments?post=42"}],"version-history":[{"count":109,"href":"https:\/\/www.hotel-la-peupleraie.com\/en\/wp-json\/wp\/v2\/pages\/42\/revisions"}],"predecessor-version":[{"id":1100,"href":"https:\/\/www.hotel-la-peupleraie.com\/en\/wp-json\/wp\/v2\/pages\/42\/revisions\/1100"}],"wp:attachment":[{"href":"https:\/\/www.hotel-la-peupleraie.com\/en\/wp-json\/wp\/v2\/media?parent=42"}],"curies":[{"name":"wp","href":"https:\/\/api.w.org\/{rel}","templated":true}]}}