{"id":40,"date":"2018-05-28T10:04:11","date_gmt":"2018-05-28T08:04:11","guid":{"rendered":"http:\/\/ip7v.fr\/peupleraie2018\/?page_id=40"},"modified":"2019-02-08T19:24:59","modified_gmt":"2019-02-08T18:24:59","slug":"lhotel","status":"publish","type":"page","link":"https:\/\/www.hotel-la-peupleraie.com\/en\/lhotel\/","title":{"rendered":"Hotel"},"content":{"rendered":"<div data-elementor-type=\"wp-post\" data-elementor-id=\"40\" class=\"elementor elementor-40 elementor-bc-flex-widget\" data-elementor-post-type=\"page\">\n\t\t\t\t\t\t<section class=\"elementor-section elementor-top-section elementor-element elementor-element-08eae0b elementor-section-stretched elementor-section-boxed elementor-section-height-default elementor-section-height-default\" data-id=\"08eae0b\" data-element_type=\"section\" data-e-type=\"section\" data-settings=\"{&quot;background_background&quot;:&quot;classic&quot;,&quot;stretch_section&quot;:&quot;section-stretched&quot;}\">\n\t\t\t\t\t\t\t<div class=\"elementor-background-overlay\"><\/div>\n\t\t\t\t\t\t\t<div class=\"elementor-container elementor-column-gap-default\">\n\t\t\t\t\t<div class=\"elementor-column elementor-col-33 elementor-top-column elementor-element elementor-element-f9bac93\" data-id=\"f9bac93\" data-element_type=\"column\" data-e-type=\"column\">\n\t\t\t<div class=\"elementor-widget-wrap\">\n\t\t\t\t\t\t\t<\/div>\n\t\t<\/div>\n\t\t\t\t<div class=\"elementor-column elementor-col-33 elementor-top-column elementor-element elementor-element-ed7abe3\" data-id=\"ed7abe3\" data-element_type=\"column\" data-e-type=\"column\">\n\t\t\t<div class=\"elementor-widget-wrap elementor-element-populated\">\n\t\t\t\t\t\t<div class=\"elementor-element elementor-element-561b6c8 elementor-widget elementor-widget-spacer\" data-id=\"561b6c8\" data-element_type=\"widget\" data-e-type=\"widget\" data-widget_type=\"spacer.default\">\n\t\t\t\t\t\t\t<div class=\"elementor-spacer\">\n\t\t\t<div class=\"elementor-spacer-inner\"><\/div>\n\t\t<\/div>\n\t\t\t\t\t\t<\/div>\n\t\t\t\t<div class=\"elementor-element elementor-element-90581a5 elementor-widget elementor-widget-heading\" data-id=\"90581a5\" data-element_type=\"widget\" data-e-type=\"widget\" data-widget_type=\"heading.default\">\n\t\t\t\t\t<h1 class=\"elementor-heading-title elementor-size-default\">2 star hotel in Nampont saint martin<\/h1>\t\t\t\t<\/div>\n\t\t\t\t<div class=\"elementor-element elementor-element-9f3ba80 elementor-widget elementor-widget-spacer\" data-id=\"9f3ba80\" data-element_type=\"widget\" data-e-type=\"widget\" data-widget_type=\"spacer.default\">\n\t\t\t\t\t\t\t<div class=\"elementor-spacer\">\n\t\t\t<div class=\"elementor-spacer-inner\"><\/div>\n\t\t<\/div>\n\t\t\t\t\t\t<\/div>\n\t\t\t\t\t<\/div>\n\t\t<\/div>\n\t\t\t\t<div class=\"elementor-column elementor-col-33 elementor-top-column elementor-element elementor-element-610f7a4\" data-id=\"610f7a4\" data-element_type=\"column\" data-e-type=\"column\">\n\t\t\t<div class=\"elementor-widget-wrap\">\n\t\t\t\t\t\t\t<\/div>\n\t\t<\/div>\n\t\t\t\t\t<\/div>\n\t\t<\/section>\n\t\t\t\t<section class=\"elementor-section elementor-top-section elementor-element elementor-element-1a618e6 elementor-section-boxed elementor-section-height-default elementor-section-height-default\" data-id=\"1a618e6\" data-element_type=\"section\" data-e-type=\"section\">\n\t\t\t\t\t\t<div class=\"elementor-container elementor-column-gap-default\">\n\t\t\t\t\t<div class=\"elementor-column elementor-col-100 elementor-top-column elementor-element elementor-element-493c816\" data-id=\"493c816\" data-element_type=\"column\" data-e-type=\"column\">\n\t\t\t<div class=\"elementor-widget-wrap elementor-element-populated\">\n\t\t\t\t\t\t<div class=\"elementor-element elementor-element-0450b2a elementor-widget elementor-widget-spacer\" data-id=\"0450b2a\" data-element_type=\"widget\" data-e-type=\"widget\" data-widget_type=\"spacer.default\">\n\t\t\t\t\t\t\t<div class=\"elementor-spacer\">\n\t\t\t<div class=\"elementor-spacer-inner\"><\/div>\n\t\t<\/div>\n\t\t\t\t\t\t<\/div>\n\t\t\t\t\t<\/div>\n\t\t<\/div>\n\t\t\t\t\t<\/div>\n\t\t<\/section>\n\t\t\t\t<section class=\"elementor-section elementor-top-section elementor-element elementor-element-261a6865 elementor-section-stretched elementor-section-full_width elementor-section-height-default elementor-section-height-default\" data-id=\"261a6865\" data-element_type=\"section\" data-e-type=\"section\" data-settings=\"{&quot;background_background&quot;:&quot;classic&quot;,&quot;stretch_section&quot;:&quot;section-stretched&quot;}\">\n\t\t\t\t\t\t<div class=\"elementor-container elementor-column-gap-no\">\n\t\t\t\t\t<div class=\"elementor-column elementor-col-100 elementor-top-column elementor-element elementor-element-34ef379f\" data-id=\"34ef379f\" data-element_type=\"column\" data-e-type=\"column\">\n\t\t\t<div class=\"elementor-widget-wrap elementor-element-populated\">\n\t\t\t\t\t\t<section class=\"elementor-section elementor-inner-section elementor-element elementor-element-45344a66 elementor-section-boxed elementor-section-height-default elementor-section-height-default\" data-id=\"45344a66\" data-element_type=\"section\" data-e-type=\"section\">\n\t\t\t\t\t\t<div class=\"elementor-container elementor-column-gap-no\">\n\t\t\t\t\t<div class=\"elementor-column elementor-col-50 elementor-inner-column elementor-element elementor-element-2bb1addb\" data-id=\"2bb1addb\" data-element_type=\"column\" data-e-type=\"column\">\n\t\t\t<div class=\"elementor-widget-wrap elementor-element-populated\">\n\t\t\t\t\t\t<div class=\"elementor-element elementor-element-c29cbbe elementor-pagination-position-inside elementor-arrows-position-inside elementor-widget elementor-widget-image-carousel\" data-id=\"c29cbbe\" data-element_type=\"widget\" data-e-type=\"widget\" data-settings=\"{&quot;slides_to_show&quot;:&quot;1&quot;,&quot;speed&quot;:1000,&quot;effect&quot;:&quot;fade&quot;,&quot;navigation&quot;:&quot;both&quot;,&quot;autoplay&quot;:&quot;yes&quot;,&quot;pause_on_hover&quot;:&quot;yes&quot;,&quot;pause_on_interaction&quot;:&quot;yes&quot;,&quot;autoplay_speed&quot;:5000,&quot;infinite&quot;:&quot;yes&quot;}\" data-widget_type=\"image-carousel.default\">\n\t\t\t\t\t\t\t<div class=\"elementor-image-carousel-wrapper swiper\" role=\"region\" aria-roledescription=\"carousel\" aria-label=\"Carrousel d\u2019images\" dir=\"ltr\">\n\t\t\t<div class=\"elementor-image-carousel swiper-wrapper\" aria-live=\"off\">\n\t\t\t\t\t\t\t\t<div class=\"swiper-slide\" role=\"group\" aria-roledescription=\"slide\" aria-label=\"1 sur 3\"><a data-elementor-open-lightbox=\"yes\" data-elementor-lightbox-slideshow=\"c29cbbe\" data-elementor-lightbox-title=\"chambres-hotel-nampont-saint-martin-la-peupleraie-valloires-lits-jumeaux.jpg\" data-e-action-hash=\"#elementor-action%3Aaction%3Dlightbox%26settings%3DeyJpZCI6Nzk4LCJ1cmwiOiJodHRwczpcL1wvd3d3LmhvdGVsLWxhLXBldXBsZXJhaWUuY29tXC93cC1jb250ZW50XC91cGxvYWRzXC8yMDE5XC8wMVwvY2hhbWJyZXMtaG90ZWwtbmFtcG9udC1zYWludC1tYXJ0aW4tbGEtcGV1cGxlcmFpZS12YWxsb2lyZXMtbGl0cy1qdW1lYXV4LmpwZyIsInNsaWRlc2hvdyI6ImMyOWNiYmUifQ%3D%3D\" href=\"https:\/\/www.hotel-la-peupleraie.com\/wp-content\/uploads\/2019\/01\/chambres-hotel-nampont-saint-martin-la-peupleraie-valloires-lits-jumeaux.jpg\"><figure class=\"swiper-slide-inner\"><img decoding=\"async\" class=\"swiper-slide-image\" src=\"https:\/\/www.hotel-la-peupleraie.com\/wp-content\/uploads\/elementor\/thumbs\/chambres-hotel-nampont-saint-martin-la-peupleraie-valloires-lits-jumeaux-r5dasenqmm74wecrhi59gnoa3tar6py08kjj2bqzk8.jpg\" alt=\"chambres-hotel-nampont-saint-martin-la-peupleraie-valloires-lits-jumeaux.jpg\" \/><\/figure><\/a><\/div><div class=\"swiper-slide\" role=\"group\" aria-roledescription=\"slide\" aria-label=\"2 sur 3\"><a data-elementor-open-lightbox=\"yes\" data-elementor-lightbox-slideshow=\"c29cbbe\" data-elementor-lightbox-title=\"chambres-hotel-nampont-saint-martin-la-peupleraie-valloires-presentation.jpg\" data-e-action-hash=\"#elementor-action%3Aaction%3Dlightbox%26settings%3DeyJpZCI6Nzk3LCJ1cmwiOiJodHRwczpcL1wvd3d3LmhvdGVsLWxhLXBldXBsZXJhaWUuY29tXC93cC1jb250ZW50XC91cGxvYWRzXC8yMDE5XC8wMVwvY2hhbWJyZXMtaG90ZWwtbmFtcG9udC1zYWludC1tYXJ0aW4tbGEtcGV1cGxlcmFpZS12YWxsb2lyZXMtcHJlc2VudGF0aW9uLmpwZyIsInNsaWRlc2hvdyI6ImMyOWNiYmUifQ%3D%3D\" href=\"https:\/\/www.hotel-la-peupleraie.com\/wp-content\/uploads\/2019\/01\/chambres-hotel-nampont-saint-martin-la-peupleraie-valloires-presentation.jpg\"><figure class=\"swiper-slide-inner\"><img decoding=\"async\" class=\"swiper-slide-image\" src=\"https:\/\/www.hotel-la-peupleraie.com\/wp-content\/uploads\/elementor\/thumbs\/chambres-hotel-nampont-saint-martin-la-peupleraie-valloires-presentation-r5dasenqmm74wecrhi59gnoa3tar6py08kjj2bqzk8.jpg\" alt=\"chambres-hotel-nampont-saint-martin-la-peupleraie-valloires-presentation.jpg\" \/><\/figure><\/a><\/div><div class=\"swiper-slide\" role=\"group\" aria-roledescription=\"slide\" aria-label=\"3 sur 3\"><a data-elementor-open-lightbox=\"yes\" data-elementor-lightbox-slideshow=\"c29cbbe\" data-elementor-lightbox-title=\"chambres-hotel-nampont-saint-martin-la-peupleraie-valloires-lit-double.jpg\" data-e-action-hash=\"#elementor-action%3Aaction%3Dlightbox%26settings%3DeyJpZCI6Nzk2LCJ1cmwiOiJodHRwczpcL1wvd3d3LmhvdGVsLWxhLXBldXBsZXJhaWUuY29tXC93cC1jb250ZW50XC91cGxvYWRzXC8yMDE5XC8wMVwvY2hhbWJyZXMtaG90ZWwtbmFtcG9udC1zYWludC1tYXJ0aW4tbGEtcGV1cGxlcmFpZS12YWxsb2lyZXMtbGl0LWRvdWJsZS5qcGciLCJzbGlkZXNob3ciOiJjMjljYmJlIn0%3D\" href=\"https:\/\/www.hotel-la-peupleraie.com\/wp-content\/uploads\/2019\/01\/chambres-hotel-nampont-saint-martin-la-peupleraie-valloires-lit-double.jpg\"><figure class=\"swiper-slide-inner\"><img decoding=\"async\" class=\"swiper-slide-image\" src=\"https:\/\/www.hotel-la-peupleraie.com\/wp-content\/uploads\/elementor\/thumbs\/chambres-hotel-nampont-saint-martin-la-peupleraie-valloires-lit-double-r5dasenqmm74wecrhi59gnoa3tar6py08kjj2bqzk8.jpg\" alt=\"chambres-hotel-nampont-saint-martin-la-peupleraie-valloires-lit-double.jpg\" \/><\/figure><\/a><\/div>\t\t\t<\/div>\n\t\t\t\t\t\t\t\t\t\t\t\t<div class=\"elementor-swiper-button elementor-swiper-button-prev\" role=\"button\" tabindex=\"0\">\n\t\t\t\t\t\t<i aria-hidden=\"true\" class=\"eicon-chevron-left\"><\/i>\t\t\t\t\t<\/div>\n\t\t\t\t\t<div class=\"elementor-swiper-button elementor-swiper-button-next\" role=\"button\" tabindex=\"0\">\n\t\t\t\t\t\t<i aria-hidden=\"true\" class=\"eicon-chevron-right\"><\/i>\t\t\t\t\t<\/div>\n\t\t\t\t\n\t\t\t\t\t\t\t\t\t<div class=\"swiper-pagination\"><\/div>\n\t\t\t\t\t\t\t\t\t<\/div>\n\t\t\t\t\t\t<\/div>\n\t\t\t\t\t<\/div>\n\t\t<\/div>\n\t\t\t\t<div class=\"elementor-column elementor-col-50 elementor-inner-column elementor-element elementor-element-167197ea\" data-id=\"167197ea\" data-element_type=\"column\" data-e-type=\"column\">\n\t\t\t<div class=\"elementor-widget-wrap elementor-element-populated\">\n\t\t\t\t\t\t<div class=\"elementor-element elementor-element-10a3125 elementor-widget elementor-widget-heading\" data-id=\"10a3125\" data-element_type=\"widget\" data-e-type=\"widget\" data-widget_type=\"heading.default\">\n\t\t\t\t\t<h2 class=\"elementor-heading-title elementor-size-default\">The hotel **<\/h2>\t\t\t\t<\/div>\n\t\t\t\t<div class=\"elementor-element elementor-element-5b947976 elementor-widget elementor-widget-text-editor\" data-id=\"5b947976\" data-element_type=\"widget\" data-e-type=\"widget\" data-widget_type=\"text-editor.default\">\n\t\t\t\t\t\t\t\t\t<p>40 rooms are all comfort with bathroom, telephone and television<\/p>\t\t\t\t\t\t\t\t<\/div>\n\t\t\t\t<div class=\"elementor-element elementor-element-6162797d elementor-widget elementor-widget-heading\" data-id=\"6162797d\" data-element_type=\"widget\" data-e-type=\"widget\" data-widget_type=\"heading.default\">\n\t\t\t\t\t<h6 class=\"elementor-heading-title elementor-size-default\">WIFI<\/h6>\t\t\t\t<\/div>\n\t\t\t\t<div class=\"elementor-element elementor-element-554b0ed5 elementor-widget elementor-widget-text-editor\" data-id=\"554b0ed5\" data-element_type=\"widget\" data-e-type=\"widget\" data-widget_type=\"text-editor.default\">\n\t\t\t\t\t\t\t\t\t<p>Free internet access available<\/p>\t\t\t\t\t\t\t\t<\/div>\n\t\t\t\t<div class=\"elementor-element elementor-element-5f02c01 elementor-widget elementor-widget-heading\" data-id=\"5f02c01\" data-element_type=\"widget\" data-e-type=\"widget\" data-widget_type=\"heading.default\">\n\t\t\t\t\t<h6 class=\"elementor-heading-title elementor-size-default\">Reception 24 hours a day<\/h6>\t\t\t\t<\/div>\n\t\t\t\t<div class=\"elementor-element elementor-element-4bb803b7 elementor-widget elementor-widget-text-editor\" data-id=\"4bb803b7\" data-element_type=\"widget\" data-e-type=\"widget\" data-widget_type=\"text-editor.default\">\n\t\t\t\t\t\t\t\t\t<p>An open reception and at your disposal 24\/7<\/p>\t\t\t\t\t\t\t\t<\/div>\n\t\t\t\t<div class=\"elementor-element elementor-element-f8ae353 elementor-widget elementor-widget-text-editor\" data-id=\"f8ae353\" data-element_type=\"widget\" data-e-type=\"widget\" data-widget_type=\"text-editor.default\">\n\t\t\t\t\t\t\t\t\t<p>If your children want to have fun we have a large garden in a beautiful setting for them to play.<br \/>We also have private parking at your disposal.\u00a0 \u00a0 \u00a0 \u00a0 \u00a0 \u00a0\u00a0<\/p>\t\t\t\t\t\t\t\t<\/div>\n\t\t\t\t<div class=\"elementor-element elementor-element-15581f75 elementor-align-center elementor-hidden-phone elementor-widget elementor-widget-button\" data-id=\"15581f75\" data-element_type=\"widget\" data-e-type=\"widget\" data-widget_type=\"button.default\">\n\t\t\t\t\t\t\t\t\t\t<a class=\"elementor-button elementor-button-link elementor-size-xl elementor-animation-grow\" href=\"https:\/\/www.hotel-la-peupleraie.com\/en\/contact\/\">\n\t\t\t\t\t\t<span class=\"elementor-button-content-wrapper\">\n\t\t\t\t\t\t<span class=\"elementor-button-icon\">\n\t\t\t\t\t\t\t\t\t<i class=\"fa fa-hotel\" aria-hidden=\"true\"><\/i>\n\t\t\t\t\t\t\t<\/span>\n\t\t\t\t\t\t\t\t\t<span class=\"elementor-button-text\">Book here<\/span>\n\t\t\t\t\t<\/span>\n\t\t\t\t\t<\/a>\n\t\t\t\t\t\t\t\t<\/div>\n\t\t\t\t\t<\/div>\n\t\t<\/div>\n\t\t\t\t\t<\/div>\n\t\t<\/section>\n\t\t\t\t\t<\/div>\n\t\t<\/div>\n\t\t\t\t\t<\/div>\n\t\t<\/section>\n\t\t\t\t<\/div>","protected":false},"excerpt":{"rendered":"<p>H\u00f4tel 2 \u00e9toiles \u00e0 Nampont saint martin L&rsquo;h\u00f4tel ** 40 chambres sont tout confort avec salle de bain, t\u00e9l\u00e9phone et t\u00e9l\u00e9vision WIFI Une connexion internet gratuite disponible R\u00e9ception 24h\/24 Une r\u00e9ception ouverte et \u00e0 votre dispoition 24h\/24 et 7j\/7 Si vos enfants veulent se divertir nous avons un grand jardin dans un cadre magnifique pour [&hellip;]<\/p>","protected":false},"author":1,"featured_media":0,"parent":0,"menu_order":0,"comment_status":"closed","ping_status":"closed","template":"","meta":{"site-sidebar-layout":"default","site-content-layout":"","ast-site-content-layout":"","site-content-style":"default","site-sidebar-style":"default","ast-global-header-display":"","ast-banner-title-visibility":"","ast-main-header-display":"","ast-hfb-above-header-display":"","ast-hfb-below-header-display":"","ast-hfb-mobile-header-display":"","site-post-title":"","ast-breadcrumbs-content":"","ast-featured-img":"","footer-sml-layout":"","theme-transparent-header-meta":"","adv-header-id-meta":"","stick-header-meta":"","header-above-stick-meta":"","header-main-stick-meta":"","header-below-stick-meta":"","astra-migrate-meta-layouts":"default","ast-page-background-enabled":"default","ast-page-background-meta":{"desktop":{"background-color":"var(--ast-global-color-4)","background-image":"","background-repeat":"repeat","background-position":"center center","background-size":"auto","background-attachment":"scroll","background-type":"","background-media":"","overlay-type":"","overlay-color":"","overlay-opacity":"","overlay-gradient":""},"tablet":{"background-color":"","background-image":"","background-repeat":"repeat","background-position":"center center","background-size":"auto","background-attachment":"scroll","background-type":"","background-media":"","overlay-type":"","overlay-color":"","overlay-opacity":"","overlay-gradient":""},"mobile":{"background-color":"","background-image":"","background-repeat":"repeat","background-position":"center center","background-size":"auto","background-attachment":"scroll","background-type":"","background-media":"","overlay-type":"","overlay-color":"","overlay-opacity":"","overlay-gradient":""}},"ast-content-background-meta":{"desktop":{"background-color":"var(--ast-global-color-5)","background-image":"","background-repeat":"repeat","background-position":"center center","background-size":"auto","background-attachment":"scroll","background-type":"","background-media":"","overlay-type":"","overlay-color":"","overlay-opacity":"","overlay-gradient":""},"tablet":{"background-color":"var(--ast-global-color-5)","background-image":"","background-repeat":"repeat","background-position":"center center","background-size":"auto","background-attachment":"scroll","background-type":"","background-media":"","overlay-type":"","overlay-color":"","overlay-opacity":"","overlay-gradient":""},"mobile":{"background-color":"var(--ast-global-color-5)","background-image":"","background-repeat":"repeat","background-position":"center center","background-size":"auto","background-attachment":"scroll","background-type":"","background-media":"","overlay-type":"","overlay-color":"","overlay-opacity":"","overlay-gradient":""}},"footnotes":""},"class_list":["post-40","page","type-page","status-publish","hentry"],"_links":{"self":[{"href":"https:\/\/www.hotel-la-peupleraie.com\/en\/wp-json\/wp\/v2\/pages\/40","targetHints":{"allow":["GET"]}}],"collection":[{"href":"https:\/\/www.hotel-la-peupleraie.com\/en\/wp-json\/wp\/v2\/pages"}],"about":[{"href":"https:\/\/www.hotel-la-peupleraie.com\/en\/wp-json\/wp\/v2\/types\/page"}],"author":[{"embeddable":true,"href":"https:\/\/www.hotel-la-peupleraie.com\/en\/wp-json\/wp\/v2\/users\/1"}],"replies":[{"embeddable":true,"href":"https:\/\/www.hotel-la-peupleraie.com\/en\/wp-json\/wp\/v2\/comments?post=40"}],"version-history":[{"count":75,"href":"https:\/\/www.hotel-la-peupleraie.com\/en\/wp-json\/wp\/v2\/pages\/40\/revisions"}],"predecessor-version":[{"id":1101,"href":"https:\/\/www.hotel-la-peupleraie.com\/en\/wp-json\/wp\/v2\/pages\/40\/revisions\/1101"}],"wp:attachment":[{"href":"https:\/\/www.hotel-la-peupleraie.com\/en\/wp-json\/wp\/v2\/media?parent=40"}],"curies":[{"name":"wp","href":"https:\/\/api.w.org\/{rel}","templated":true}]}}